{"id":1515,"date":"2025-05-14T17:56:26","date_gmt":"2025-05-14T17:56:26","guid":{"rendered":"https:\/\/5.space1.pl\/?page_id=1515"},"modified":"2025-08-08T00:51:45","modified_gmt":"2025-08-07T22:51:45","slug":"rama-okna","status":"publish","type":"page","link":"https:\/\/leipfinger-bader.pl\/pl\/modulbausysteme\/fensterzarge\/","title":{"rendered":"Kasety wentylacyjne z rolet\u0105 lub \u017caluzj\u0105"},"content":{"rendered":"","protected":false},"excerpt":{"rendered":"","protected":false},"author":1,"featured_media":0,"parent":522,"menu_order":0,"comment_status":"closed","ping_status":"closed","template":"","meta":{"_acf_changed":false,"footnotes":""},"class_list":["post-1515","page","type-page","status-publish","hentry"],"acf":[],"_links":{"self":[{"href":"https:\/\/leipfinger-bader.pl\/pl\/wp-json\/wp\/v2\/pages\/1515","targetHints":{"allow":["GET"]}}],"collection":[{"href":"https:\/\/leipfinger-bader.pl\/pl\/wp-json\/wp\/v2\/pages"}],"about":[{"href":"https:\/\/leipfinger-bader.pl\/pl\/wp-json\/wp\/v2\/types\/page"}],"author":[{"embeddable":true,"href":"https:\/\/leipfinger-bader.pl\/pl\/wp-json\/wp\/v2\/users\/1"}],"replies":[{"embeddable":true,"href":"https:\/\/leipfinger-bader.pl\/pl\/wp-json\/wp\/v2\/comments?post=1515"}],"version-history":[{"count":5,"href":"https:\/\/leipfinger-bader.pl\/pl\/wp-json\/wp\/v2\/pages\/1515\/revisions"}],"predecessor-version":[{"id":2741,"href":"https:\/\/leipfinger-bader.pl\/pl\/wp-json\/wp\/v2\/pages\/1515\/revisions\/2741"}],"up":[{"embeddable":true,"href":"https:\/\/leipfinger-bader.pl\/pl\/wp-json\/wp\/v2\/pages\/522"}],"wp:attachment":[{"href":"https:\/\/leipfinger-bader.pl\/pl\/wp-json\/wp\/v2\/media?parent=1515"}],"curies":[{"name":"wp","href":"https:\/\/api.w.org\/{rel}","templated":true}]}}