{"id":1456,"date":"2025-05-13T18:40:18","date_gmt":"2025-05-13T18:40:18","guid":{"rendered":"https:\/\/5.space1.pl\/?page_id=1456"},"modified":"2025-08-08T00:49:58","modified_gmt":"2025-08-07T22:49:58","slug":"rama-okna","status":"publish","type":"page","link":"https:\/\/leipfinger-bader.pl\/pl\/ziegelsteine\/fensterzarge\/","title":{"rendered":"Kasety wentylacyjne z rolet\u0105 lub \u017caluzj\u0105"},"content":{"rendered":"","protected":false},"excerpt":{"rendered":"","protected":false},"author":1,"featured_media":0,"parent":231,"menu_order":0,"comment_status":"closed","ping_status":"closed","template":"","meta":{"_acf_changed":false,"footnotes":""},"class_list":["post-1456","page","type-page","status-publish","hentry"],"acf":[],"_links":{"self":[{"href":"https:\/\/leipfinger-bader.pl\/pl\/wp-json\/wp\/v2\/pages\/1456","targetHints":{"allow":["GET"]}}],"collection":[{"href":"https:\/\/leipfinger-bader.pl\/pl\/wp-json\/wp\/v2\/pages"}],"about":[{"href":"https:\/\/leipfinger-bader.pl\/pl\/wp-json\/wp\/v2\/types\/page"}],"author":[{"embeddable":true,"href":"https:\/\/leipfinger-bader.pl\/pl\/wp-json\/wp\/v2\/users\/1"}],"replies":[{"embeddable":true,"href":"https:\/\/leipfinger-bader.pl\/pl\/wp-json\/wp\/v2\/comments?post=1456"}],"version-history":[{"count":5,"href":"https:\/\/leipfinger-bader.pl\/pl\/wp-json\/wp\/v2\/pages\/1456\/revisions"}],"predecessor-version":[{"id":2736,"href":"https:\/\/leipfinger-bader.pl\/pl\/wp-json\/wp\/v2\/pages\/1456\/revisions\/2736"}],"up":[{"embeddable":true,"href":"https:\/\/leipfinger-bader.pl\/pl\/wp-json\/wp\/v2\/pages\/231"}],"wp:attachment":[{"href":"https:\/\/leipfinger-bader.pl\/pl\/wp-json\/wp\/v2\/media?parent=1456"}],"curies":[{"name":"wp","href":"https:\/\/api.w.org\/{rel}","templated":true}]}}